{"id":2,"date":"2026-02-19T14:51:42","date_gmt":"2026-02-19T14:51:42","guid":{"rendered":"https:\/\/bio-food-event.com\/?page_id=2"},"modified":"2026-02-19T15:47:43","modified_gmt":"2026-02-19T15:47:43","slug":"sample-page","status":"publish","type":"page","link":"https:\/\/bio-food-event.com\/","title":{"rendered":"LE ZEN DANS VOTRE ASSIETTE"},"content":{"rendered":"\t\t<div data-elementor-type=\"wp-page\" data-elementor-id=\"2\" class=\"elementor elementor-2\">\n\t\t\t\t<div class=\"elementor-element elementor-element-28be8d8 e-con-full e-flex e-con e-parent\" data-id=\"28be8d8\" data-element_type=\"container\" data-e-type=\"container\">\n\t\t\t\t<div class=\"elementor-element elementor-element-37bcff6 elementor-widget elementor-widget-heading\" data-id=\"37bcff6\" data-element_type=\"widget\" data-e-type=\"widget\" data-widget_type=\"heading.default\">\n\t\t\t\t\t<h2 class=\"elementor-heading-title elementor-size-default\">Le zen dans votre assiette<br><\/h2>\t\t\t\t<\/div>\n\t\t\t\t<div class=\"elementor-element elementor-element-5832580 elementor-widget elementor-widget-image\" data-id=\"5832580\" data-element_type=\"widget\" data-e-type=\"widget\" data-widget_type=\"image.default\">\n\t\t\t\t\t\t\t\t\t\t\t\t\t\t\t<img fetchpriority=\"high\" decoding=\"async\" width=\"1024\" height=\"1024\" src=\"https:\/\/bio-food-event.com\/wp-content\/uploads\/2026\/02\/OIG1.ee4gA5B.3VM59TE.webp\" class=\"attachment-large size-large wp-image-11\" alt=\"\" srcset=\"https:\/\/bio-food-event.com\/wp-content\/uploads\/2026\/02\/OIG1.ee4gA5B.3VM59TE.webp 1024w, https:\/\/bio-food-event.com\/wp-content\/uploads\/2026\/02\/OIG1.ee4gA5B.3VM59TE-300x300.webp 300w, https:\/\/bio-food-event.com\/wp-content\/uploads\/2026\/02\/OIG1.ee4gA5B.3VM59TE-150x150.webp 150w, https:\/\/bio-food-event.com\/wp-content\/uploads\/2026\/02\/OIG1.ee4gA5B.3VM59TE-768x768.webp 768w\" sizes=\"(max-width: 1024px) 100vw, 1024px\" \/>\t\t\t\t\t\t\t\t\t\t\t\t\t\t\t<\/div>\n\t\t\t\t<\/div>\n\t\t<div class=\"elementor-element elementor-element-fb51af3 e-con-full e-flex e-con e-parent\" data-id=\"fb51af3\" data-element_type=\"container\" data-e-type=\"container\" data-settings=\"{&quot;background_background&quot;:&quot;classic&quot;}\">\n\t\t<div class=\"elementor-element elementor-element-51ee485 e-con-full e-flex e-con e-child\" data-id=\"51ee485\" data-element_type=\"container\" data-e-type=\"container\">\n\t\t\t\t<div class=\"elementor-element elementor-element-a250ed9 elementor-widget elementor-widget-heading\" data-id=\"a250ed9\" data-element_type=\"widget\" data-e-type=\"widget\" data-widget_type=\"heading.default\">\n\t\t\t\t\t<h2 class=\"elementor-heading-title elementor-size-default\">BIOFOOD EVENT<\/h2>\t\t\t\t<\/div>\n\t\t\t\t<div class=\"elementor-element elementor-element-5a36522 elementor-widget elementor-widget-text-editor\" data-id=\"5a36522\" data-element_type=\"widget\" data-e-type=\"widget\" data-widget_type=\"text-editor.default\">\n\t\t\t\t\t\t\t\t\t<p>Pour une vie plus saine<\/p>\t\t\t\t\t\t\t\t<\/div>\n\t\t\t\t<\/div>\n\t\t\t\t<\/div>\n\t\t<div class=\"elementor-element elementor-element-469b190 e-con-full e-flex e-con e-parent\" data-id=\"469b190\" data-element_type=\"container\" data-e-type=\"container\">\n\t\t\t\t<div class=\"elementor-element elementor-element-ad05625 elementor-widget elementor-widget-image\" data-id=\"ad05625\" data-element_type=\"widget\" data-e-type=\"widget\" data-widget_type=\"image.default\">\n\t\t\t\t\t\t\t\t\t\t\t\t\t\t\t<img decoding=\"async\" width=\"474\" height=\"316\" src=\"https:\/\/bio-food-event.com\/wp-content\/uploads\/2026\/02\/OIP.jpg\" class=\"attachment-large size-large wp-image-12\" alt=\"\" srcset=\"https:\/\/bio-food-event.com\/wp-content\/uploads\/2026\/02\/OIP.jpg 474w, https:\/\/bio-food-event.com\/wp-content\/uploads\/2026\/02\/OIP-300x200.jpg 300w\" sizes=\"(max-width: 474px) 100vw, 474px\" \/>\t\t\t\t\t\t\t\t\t\t\t\t\t\t\t<\/div>\n\t\t\t\t<\/div>\n\t\t<div class=\"elementor-element elementor-element-594c6a8 e-con-full e-flex e-con e-parent\" data-id=\"594c6a8\" data-element_type=\"container\" data-e-type=\"container\">\n\t\t\t\t<div class=\"elementor-element elementor-element-308b2c0 elementor-widget elementor-widget-heading\" data-id=\"308b2c0\" data-element_type=\"widget\" data-e-type=\"widget\" data-widget_type=\"heading.default\">\n\t\t\t\t\t<h2 class=\"elementor-heading-title elementor-size-default\">Vous souhaitez Un foodtruck qui vous apporte le Zen dans votre assiette?<\/h2>\t\t\t\t<\/div>\n\t\t\t\t<div class=\"elementor-element elementor-element-9c5e822 elementor-widget elementor-widget-heading\" data-id=\"9c5e822\" data-element_type=\"widget\" data-e-type=\"widget\" data-widget_type=\"heading.default\">\n\t\t\t\t\t<h2 class=\"elementor-heading-title elementor-size-default\">Faites le choix du \nbio, sain, no alcool <br>\npour vos \u00e9v\u00e9nements<\/h2>\t\t\t\t<\/div>\n\t\t\t\t<div class=\"elementor-element elementor-element-eafe1f3 elementor-widget elementor-widget-text-editor\" data-id=\"eafe1f3\" data-element_type=\"widget\" data-e-type=\"widget\" data-widget_type=\"text-editor.default\">\n\t\t\t\t\t\t\t\t\t<p>Contactez nous sur ce num\u00e9ro:\u00a0<\/p>\n<p>Sandrine au 0628211938<\/p>\t\t\t\t\t\t\t\t<\/div>\n\t\t\t\t<div class=\"elementor-element elementor-element-98a9668 elementor-widget elementor-widget-image\" data-id=\"98a9668\" data-element_type=\"widget\" data-e-type=\"widget\" data-widget_type=\"image.default\">\n\t\t\t\t\t\t\t\t\t\t\t\t\t\t\t<img decoding=\"async\" width=\"1024\" height=\"1024\" src=\"https:\/\/bio-food-event.com\/wp-content\/uploads\/2026\/02\/OIG3.jpg\" class=\"attachment-large size-large wp-image-13\" alt=\"\" srcset=\"https:\/\/bio-food-event.com\/wp-content\/uploads\/2026\/02\/OIG3.jpg 1024w, https:\/\/bio-food-event.com\/wp-content\/uploads\/2026\/02\/OIG3-300x300.jpg 300w, https:\/\/bio-food-event.com\/wp-content\/uploads\/2026\/02\/OIG3-150x150.jpg 150w, https:\/\/bio-food-event.com\/wp-content\/uploads\/2026\/02\/OIG3-768x768.jpg 768w\" sizes=\"(max-width: 1024px) 100vw, 1024px\" \/>\t\t\t\t\t\t\t\t\t\t\t\t\t\t\t<\/div>\n\t\t\t\t<\/div>\n\t\t<div class=\"elementor-element elementor-element-b798c5d e-con-full e-flex e-con e-parent\" data-id=\"b798c5d\" data-element_type=\"container\" data-e-type=\"container\">\n\t\t<div class=\"elementor-element elementor-element-a2c6e2d e-con-full e-flex e-con e-child\" data-id=\"a2c6e2d\" data-element_type=\"container\" data-e-type=\"container\">\n\t\t\t\t<div class=\"elementor-element elementor-element-5039f4d elementor-widget elementor-widget-heading\" data-id=\"5039f4d\" data-element_type=\"widget\" data-e-type=\"widget\" data-widget_type=\"heading.default\">\n\t\t\t\t\t<h2 class=\"elementor-heading-title elementor-size-default\">BIO Food Event\nest \u00e0 vos c\u00f4t\u00e9s pour apprendre \u00e0 int\u00e9grer une nourriture saine dans votre quotidien<\/h2>\t\t\t\t<\/div>\n\t\t\t\t<div class=\"elementor-element elementor-element-b8ab311 elementor-widget elementor-widget-heading\" data-id=\"b8ab311\" data-element_type=\"widget\" data-e-type=\"widget\" data-widget_type=\"heading.default\">\n\t\t\t\t\t<h2 class=\"elementor-heading-title elementor-size-default\">Suivez nos cours \u00e0 distance, nos conseils, nous sommes l\u00e0 pour vous aider \u00e0 transformer votre quotidien<\/h2>\t\t\t\t<\/div>\n\t\t\t\t<div class=\"elementor-element elementor-element-8764353 elementor-widget elementor-widget-image\" data-id=\"8764353\" data-element_type=\"widget\" data-e-type=\"widget\" data-widget_type=\"image.default\">\n\t\t\t\t\t\t\t\t\t\t\t\t\t\t\t<img loading=\"lazy\" decoding=\"async\" width=\"474\" height=\"297\" src=\"https:\/\/bio-food-event.com\/wp-content\/uploads\/2026\/02\/OIP22.jpg\" class=\"attachment-large size-large wp-image-14\" alt=\"\" srcset=\"https:\/\/bio-food-event.com\/wp-content\/uploads\/2026\/02\/OIP22.jpg 474w, https:\/\/bio-food-event.com\/wp-content\/uploads\/2026\/02\/OIP22-300x188.jpg 300w\" sizes=\"(max-width: 474px) 100vw, 474px\" \/>\t\t\t\t\t\t\t\t\t\t\t\t\t\t\t<\/div>\n\t\t\t\t<div class=\"elementor-element elementor-element-282ebc9 elementor-widget elementor-widget-text-editor\" data-id=\"282ebc9\" data-element_type=\"widget\" data-e-type=\"widget\" data-widget_type=\"text-editor.default\">\n\t\t\t\t\t\t\t\t\t<p>Contactez nous sur ce num\u00e9ro:\u00a0<\/p>\n<p>Sandrine au 0628211938<\/p>\t\t\t\t\t\t\t\t<\/div>\n\t\t\t\t<\/div>\n\t\t\t\t<\/div>\n\t\t\t\t<\/div>\n\t\t","protected":false},"excerpt":{"rendered":"<p>Le zen dans votre assiette BIOFOOD EVENT Pour une vie plus saine Vous souhaitez Un foodtruck qui vous apporte le Zen dans votre assiette? Faites le choix du bio, sain, no alcool pour vos \u00e9v\u00e9nements Contactez nous sur ce num\u00e9ro:\u00a0 Sandrine au 0628211938 BIO Food Event est \u00e0 vos c\u00f4t\u00e9s pour apprendre \u00e0 int\u00e9grer une [&hellip;]<\/p>\n","protected":false},"author":1,"featured_media":0,"parent":0,"menu_order":0,"comment_status":"closed","ping_status":"open","template":"page-no-title","meta":{"footnotes":""},"class_list":["post-2","page","type-page","status-publish","hentry"],"_links":{"self":[{"href":"https:\/\/bio-food-event.com\/index.php?rest_route=\/wp\/v2\/pages\/2","targetHints":{"allow":["GET"]}}],"collection":[{"href":"https:\/\/bio-food-event.com\/index.php?rest_route=\/wp\/v2\/pages"}],"about":[{"href":"https:\/\/bio-food-event.com\/index.php?rest_route=\/wp\/v2\/types\/page"}],"author":[{"embeddable":true,"href":"https:\/\/bio-food-event.com\/index.php?rest_route=\/wp\/v2\/users\/1"}],"replies":[{"embeddable":true,"href":"https:\/\/bio-food-event.com\/index.php?rest_route=%2Fwp%2Fv2%2Fcomments&post=2"}],"version-history":[{"count":13,"href":"https:\/\/bio-food-event.com\/index.php?rest_route=\/wp\/v2\/pages\/2\/revisions"}],"predecessor-version":[{"id":34,"href":"https:\/\/bio-food-event.com\/index.php?rest_route=\/wp\/v2\/pages\/2\/revisions\/34"}],"wp:attachment":[{"href":"https:\/\/bio-food-event.com\/index.php?rest_route=%2Fwp%2Fv2%2Fmedia&parent=2"}],"curies":[{"name":"wp","href":"https:\/\/api.w.org\/{rel}","templated":true}]}}